{"id":88,"date":"2025-09-10T02:14:45","date_gmt":"2025-09-10T02:14:45","guid":{"rendered":"http:\/\/www.climoramexico.com\/?page_id=88"},"modified":"2025-09-11T02:43:36","modified_gmt":"2025-09-11T02:43:36","slug":"reparacion-electrca","status":"publish","type":"page","link":"http:\/\/www.climoramexico.com\/index.php\/reparacion-electrca\/","title":{"rendered":"Reparacion electrca"},"content":{"rendered":"\n<div class=\"wp-block-themepunch-revslider revslider\" data-modal=\"false\" data-slidertitle=\"Renewable Energy Menu 1 1 1 1 1 1\" style=\"\">\n\t\t\t\t<p class=\"rs-p-wp-fix\"><\/p>\n\t\t\t\t<sr7-module data-alias=\"renewable-energy-menu-1-1-1-1-1-1\" data-id=\"54\" id=\"SR7_54_1\" class=\"rs-ov-hidden\" data-version=\"6.7.37\">\n\t\t\t\t\t<sr7-adjuster><\/sr7-adjuster>\n\t\t\t\t\t<sr7-content>\n\t\t\t\t\t\t<sr7-slide id=\"SR7_54_1-94\" data-key=\"94\">\n\t\t\t\t\t\t\t<a id=\"SR7_54_1-94-12\" class=\"sr7-layer\" href=\"http:\/\/www.climoramexico.com\/index.php\/instalaciones-electricas\/\" target=\"_self\">Instalaci\u00f3n<\/a>\n\t\t\t\t\t\t\t<a id=\"SR7_54_1-94-14\" class=\"sr7-layer\" href=\"http:\/\/www.climoramexico.com\/\" target=\"_self\">Inicio<\/a>\n\t\t\t\t\t\t\t<a id=\"SR7_54_1-94-18\" class=\"sr7-layer\" href=\"http:\/\/www.climoramexico.com\/index.php\/reparacion-electrca\/\" target=\"_self\">Reparacion<\/a>\n\t\t\t\t\t\t<\/sr7-slide>\n\t\t\t\t\t\t<sr7-slide id=\"SR7_54_1-112\" data-key=\"112\">\n\t\t\t\t\t\t<\/sr7-slide>\n\t\t\t\t\t<\/sr7-content>\n\t\t\t\t\t<image_lists style=\"display:none\">\n\t\t\t\t\t\t<img data-src=\"\/\/www.climoramexico.com\/wp-content\/uploads\/2025\/09\/Logo-1-2-.png\" data-libid=\"47\" data-lib=\"medialibrary\" title=\"Logo 1-2\" width=\"0\" height=\"0\" data-dbsrc=\"Ly93d3cuY2xpbW9yYW1leGljby5jb20vd3AtY29udGVudC91cGxvYWRzLzIwMjUvMDkvTG9nby0xLTItLnBuZw==\"\/>\n\t\t\t\t\t<\/image_lists>\n\t\t\t\t<\/sr7-module>\n\t\t\t\t<script>\n\t\t\t\t\tSR7.PMH ??={}; SR7.PMH[\"SR7_54_1\"] = {cn:100,state:false,fn: function() { if (_tpt!==undefined && _tpt.prepareModuleHeight !== undefined) {  _tpt.prepareModuleHeight({id:\"SR7_54_1\",el:[900,900,768,960,720],fixed:true,type:'hero',shdw:'0',gh:[900,900,768,960,720],gw:[1240,1240,1024,778,480],vpt:['-100px&#039;,&#039;-100px&#039;,&#039;-100px&#039;,&#039;-100px&#039;,&#039;-100px'],size:{fullWidth:true, fullHeight:true},fho:'',mh:'0',onh:0,onw:0,bg:{color:'{\"orig\":\"transparent\",\"type\":\"solid\",\"string\":\"transparent\"}'}});   SR7.PMH[\"SR7_54_1\"].state=true;} else if(SR7.PMH[\"SR7_54_1\"].cn-->0)\tsetTimeout( SR7.PMH[\"SR7_54_1\"].fn,19);}};SR7.PMH[\"SR7_54_1\" ].fn();\n\t\t\t\t<\/script>\n<\/div>\n\n\n\n<div class=\"wp-block-themepunch-revslider revslider\" data-modal=\"false\" data-slidertitle=\"Basic Header 1 11 1 1 1\" style=\"\">\n\t\t\t\t<p class=\"rs-p-wp-fix\"><\/p>\n\t\t\t\t<sr7-module data-alias=\"basic-header-1-11-1-1-1\" data-id=\"64\" id=\"intro\" class=\"rs-respect-topbar rs-ov-hidden\" data-version=\"6.7.37\">\n\t\t\t\t\t<sr7-adjuster><\/sr7-adjuster>\n\t\t\t\t\t<sr7-content>\n\t\t\t\t\t\t<sr7-slide id=\"intro-104\" data-key=\"104\">\n\t\t\t\t\t\t\t<sr7-bg id=\"intro-104-4\" class=\"sr7-layer\"><noscript><img decoding=\"async\" src=\"http:\/\/www.climoramexico.com\/wp-content\/uploads\/2025\/09\/rep.jpg\" alt=\"\" title=\"rep\"><\/noscript><\/sr7-bg>\n\t\t\t\t\t\t\t<sr7-txt id=\"intro-104-0\" class=\"sr7-layer\">Reparaciones electricas<\/sr7-txt>\n\t\t\t\t\t\t<\/sr7-slide>\n\t\t\t\t\t\t<sr7-slide id=\"intro-122\" data-key=\"122\">\n\t\t\t\t\t\t<\/sr7-slide>\n\t\t\t\t\t<\/sr7-content>\n\t\t\t\t\t<image_lists style=\"display:none\">\n\t\t\t\t\t\t<img data-src=\"\/\/www.climoramexico.com\/wp-content\/uploads\/2025\/09\/rep.jpg\" data-libid=\"224\" data-lib=\"medialibrary\" title=\"rep\" width=\"0\" height=\"0\" data-dbsrc=\"Ly93d3cuY2xpbW9yYW1leGljby5jb20vd3AtY29udGVudC91cGxvYWRzLzIwMjUvMDkvcmVwLmpwZw==\"\/>\n\t\t\t\t\t<\/image_lists>\n\t\t\t\t<\/sr7-module>\n\t\t\t\t<script>\n\t\t\t\t\tSR7.PMH ??={}; SR7.PMH[\"intro\"] = {cn:100,state:false,fn: function() { if (_tpt!==undefined && _tpt.prepareModuleHeight !== undefined) {  _tpt.prepareModuleHeight({id:\"intro\",el:[900,900,767,960,720],type:'hero',shdw:'0',gh:[900,900,768,960,720],gw:[1240,1240,1024,778,480],vpt:['-100px&#039;,&#039;-100px&#039;,&#039;-100px&#039;,&#039;-100px&#039;,&#039;-100px'],size:{fullWidth:true, fullHeight:true},fho:'#masthead,',mh:'0',onh:0,onw:0,bg:{color:'{\"orig\":\"transparent\",\"type\":\"solid\",\"string\":\"transparent\"}'},plType:'7',plColor:'#000000'});   SR7.PMH[\"intro\"].state=true;} else if(SR7.PMH[\"intro\"].cn-->0)\tsetTimeout( SR7.PMH[\"intro\"].fn,19);}};SR7.PMH[\"intro\" ].fn();\n\t\t\t\t<\/script>\n<\/div>\n\n\n\n<div class=\"wp-block-themepunch-revslider revslider\" data-modal=\"false\" data-slidertitle=\"Basic Callout 1 11 1 1 1\" style=\"\">\n\t\t\t\t<p class=\"rs-p-wp-fix\"><\/p>\n\t\t\t\t<sr7-module data-alias=\"basic-callout-1-11-1-1-1\" data-id=\"62\" id=\"SR7_62_3\" class=\"rs-ov-hidden\" data-version=\"6.7.37\">\n\t\t\t\t\t<sr7-adjuster><\/sr7-adjuster>\n\t\t\t\t\t<sr7-content>\n\t\t\t\t\t\t<sr7-slide id=\"SR7_62_3-102\" data-key=\"102\">\n\t\t\t\t\t\t\t<sr7-txt id=\"SR7_62_3-102-4\" class=\"sr7-layer\">\u00bfTienes una falla el\u00e9ctrica?<\/sr7-txt>\n\t\t\t\t\t\t\t<sr7-txt id=\"SR7_62_3-102-5\" class=\"sr7-layer\">En Climora atendemos emergencias el\u00e9ctricas en hogares y negocios con rapidez y seguridad. Nuestro equipo de t\u00e9cnicos certificados est\u00e1 preparado para resolver desde cortocircuitos hasta fallas en tableros principales, garantizando la estabilidad de tu instalaci\u00f3n y la seguridad de tu espacio.<\/sr7-txt>\n\t\t\t\t\t\t<\/sr7-slide>\n\t\t\t\t\t\t<sr7-slide id=\"SR7_62_3-120\" data-key=\"120\">\n\t\t\t\t\t\t<\/sr7-slide>\n\t\t\t\t\t<\/sr7-content>\n\t\t\t\t<\/sr7-module>\n\t\t\t\t<script>\n\t\t\t\t\tSR7.PMH ??={}; SR7.PMH[\"SR7_62_3\"] = {cn:100,state:false,fn: function() { if (_tpt!==undefined && _tpt.prepareModuleHeight !== undefined) {  _tpt.prepareModuleHeight({id:\"SR7_62_3\",el:[607.986,607.986,652,520,584],type:'hero',shdw:'0',gh:[560,560,590,520,515],gw:[1240,1240,1024,778,480],vpt:['-200px&#039;,&#039;-200px&#039;,&#039;-200px&#039;,&#039;-200px&#039;,&#039;-200px'],size:{fullWidth:true, fullHeight:false},mh:'0',onh:0,onw:0,bg:{color:'{\"type\":\"solid\",\"orig\":\"#ff686d\",\"string\":\"rgba(255, 104, 109, 1)\"}'}});   SR7.PMH[\"SR7_62_3\"].state=true;} else if(SR7.PMH[\"SR7_62_3\"].cn-->0)\tsetTimeout( SR7.PMH[\"SR7_62_3\"].fn,19);}};SR7.PMH[\"SR7_62_3\" ].fn();\n\t\t\t\t<\/script>\n<\/div>\n\n\n\n<div class=\"wp-block-themepunch-revslider revslider\" data-modal=\"false\" data-slidertitle=\"Clean Landing Page 1 11 1 1 1\" style=\"\">\n\t\t\t\t<p class=\"rs-p-wp-fix\"><\/p>\n\t\t\t\t<sr7-module data-alias=\"clean-landing-page-1-11-1-1-1\" data-id=\"60\" id=\"SR7_60_4\" class=\"rs-respect-topbar rs-ov-hidden\" data-version=\"6.7.37\">\n\t\t\t\t\t<sr7-adjuster><\/sr7-adjuster>\n\t\t\t\t\t<sr7-content>\n\t\t\t\t\t\t<sr7-slide id=\"SR7_60_4-100\" data-key=\"100\">\n\t\t\t\t\t\t\t<sr7-txt id=\"SR7_60_4-100-5\" class=\"sr7-layer\">climora<\/sr7-txt>\n\t\t\t\t\t\t\t<sr7-txt id=\"SR7_60_4-100-27\" class=\"sr7-layer\">Beneficios de atender emergencias con Climora<\/sr7-txt>\n\t\t\t\t\t\t\t<sr7-txt id=\"SR7_60_4-100-31\" class=\"sr7-layer\">Atenci\u00f3n inmediata, soluciones seguras y disponibilidad 24\/7.<\/sr7-txt>\n\t\t\t\t\t\t\t<sr7-txt id=\"SR7_60_4-100-32\" class=\"sr7-layer\">\u26a1 Respuesta r\u00e1pida en emergencias<br \/>\n\ud83d\udc77 T\u00e9cnicos certificados en seguridad<br \/>\n\ud83d\udee1\ufe0f Reparaciones seguras y duraderas<br \/>\n\ud83d\udd52 Disponibilidad 24\/7<\/sr7-txt>\n\t\t\t\t\t\t\t<a id=\"SR7_60_4-100-41\" class=\"sr7-layer\" href=\"#\" target=\"_self\"><\/a>\n\t\t\t\t\t\t\t<sr7-txt id=\"SR7_60_4-100-43\" class=\"sr7-layer\">Climora<\/sr7-txt>\n\t\t\t\t\t\t<\/sr7-slide>\n\t\t\t\t\t\t<sr7-slide id=\"SR7_60_4-118\" data-key=\"118\">\n\t\t\t\t\t\t<\/sr7-slide>\n\t\t\t\t\t<\/sr7-content>\n\t\t\t\t\t<image_lists style=\"display:none\">\n\t\t\t\t\t\t<img data-src=\"\/\/www.climoramexico.com\/wp-content\/uploads\/revslider\/cleanlandingpage\/changepic1-1.jpg\" data-libid=\"172\" title=\"changepic1-1.jpg\" width=\"0\" height=\"0\" data-dbsrc=\"Ly93d3cuY2xpbW9yYW1leGljby5jb20vd3AtY29udGVudC91cGxvYWRzL3JldnNsaWRlci9jbGVhbmxhbmRpbmdwYWdlL2NoYW5nZXBpYzEtMS5qcGc=\"\/>\n\t\t\t\t\t\t<img loading=\"lazy\" data-src=\"\/\/www.climoramexico.com\/wp-content\/uploads\/revslider\/cleanlandingpage\/changepic12.jpg\" data-libid=\"173\" title=\"changepic12.jpg\" width=\"0\" height=\"0\" data-dbsrc=\"Ly93d3cuY2xpbW9yYW1leGljby5jb20vd3AtY29udGVudC91cGxvYWRzL3JldnNsaWRlci9jbGVhbmxhbmRpbmdwYWdlL2NoYW5nZXBpYzEyLmpwZw==\"\/>\n\t\t\t\t\t\t<img loading=\"lazy\" data-src=\"\/\/www.climoramexico.com\/wp-content\/uploads\/revslider\/cleanlandingpage\/changepic3-1.jpg\" data-libid=\"174\" title=\"changepic3-1.jpg\" width=\"0\" height=\"0\" data-dbsrc=\"Ly93d3cuY2xpbW9yYW1leGljby5jb20vd3AtY29udGVudC91cGxvYWRzL3JldnNsaWRlci9jbGVhbmxhbmRpbmdwYWdlL2NoYW5nZXBpYzMtMS5qcGc=\"\/>\n\t\t\t\t\t\t<img loading=\"lazy\" data-src=\"\/\/www.climoramexico.com\/wp-content\/uploads\/revslider\/cleanlandingpage\/changepic4-1.jpg\" data-libid=\"175\" title=\"changepic4-1.jpg\" width=\"0\" height=\"0\" data-dbsrc=\"Ly93d3cuY2xpbW9yYW1leGljby5jb20vd3AtY29udGVudC91cGxvYWRzL3JldnNsaWRlci9jbGVhbmxhbmRpbmdwYWdlL2NoYW5nZXBpYzQtMS5qcGc=\"\/>\n\t\t\t\t\t\t<img loading=\"lazy\" data-src=\"\/\/www.climoramexico.com\/wp-content\/uploads\/revslider\/cleanlandingpage\/changepic2-1.jpg\" data-libid=\"176\" title=\"changepic2-1.jpg\" width=\"0\" height=\"0\" data-dbsrc=\"Ly93d3cuY2xpbW9yYW1leGljby5jb20vd3AtY29udGVudC91cGxvYWRzL3JldnNsaWRlci9jbGVhbmxhbmRpbmdwYWdlL2NoYW5nZXBpYzItMS5qcGc=\"\/>\n\t\t\t\t\t\t<img loading=\"lazy\" data-src=\"\/\/www.climoramexico.com\/wp-content\/uploads\/revslider\/cleanlandingpage\/changepic5-1.jpg\" data-libid=\"177\" title=\"changepic5-1.jpg\" width=\"0\" height=\"0\" data-dbsrc=\"Ly93d3cuY2xpbW9yYW1leGljby5jb20vd3AtY29udGVudC91cGxvYWRzL3JldnNsaWRlci9jbGVhbmxhbmRpbmdwYWdlL2NoYW5nZXBpYzUtMS5qcGc=\"\/>\n\t\t\t\t\t\t<img loading=\"lazy\" data-src=\"\/\/www.climoramexico.com\/wp-content\/uploads\/revslider\/cleanlandingpage\/changepic9-1.jpg\" data-libid=\"178\" title=\"changepic9-1.jpg\" width=\"0\" height=\"0\" data-dbsrc=\"Ly93d3cuY2xpbW9yYW1leGljby5jb20vd3AtY29udGVudC91cGxvYWRzL3JldnNsaWRlci9jbGVhbmxhbmRpbmdwYWdlL2NoYW5nZXBpYzktMS5qcGc=\"\/>\n\t\t\t\t\t\t<img loading=\"lazy\" data-src=\"\/\/www.climoramexico.com\/wp-content\/uploads\/revslider\/cleanlandingpage\/changepic6-1.jpg\" data-libid=\"179\" title=\"changepic6-1.jpg\" width=\"0\" height=\"0\" data-dbsrc=\"Ly93d3cuY2xpbW9yYW1leGljby5jb20vd3AtY29udGVudC91cGxvYWRzL3JldnNsaWRlci9jbGVhbmxhbmRpbmdwYWdlL2NoYW5nZXBpYzYtMS5qcGc=\"\/>\n\t\t\t\t\t\t<img loading=\"lazy\" data-src=\"\/\/www.climoramexico.com\/wp-content\/uploads\/revslider\/cleanlandingpage\/changepic7-1.jpg\" data-libid=\"180\" title=\"changepic7-1.jpg\" width=\"0\" height=\"0\" data-dbsrc=\"Ly93d3cuY2xpbW9yYW1leGljby5jb20vd3AtY29udGVudC91cGxvYWRzL3JldnNsaWRlci9jbGVhbmxhbmRpbmdwYWdlL2NoYW5nZXBpYzctMS5qcGc=\"\/>\n\t\t\t\t\t\t<img loading=\"lazy\" data-src=\"\/\/www.climoramexico.com\/wp-content\/uploads\/revslider\/cleanlandingpage\/changepic10-1.jpg\" data-libid=\"181\" title=\"changepic10-1.jpg\" width=\"0\" height=\"0\" data-dbsrc=\"Ly93d3cuY2xpbW9yYW1leGljby5jb20vd3AtY29udGVudC91cGxvYWRzL3JldnNsaWRlci9jbGVhbmxhbmRpbmdwYWdlL2NoYW5nZXBpYzEwLTEuanBn\"\/>\n\t\t\t\t\t<\/image_lists>\n\t\t\t\t<\/sr7-module>\n\t\t\t\t<script>\n\t\t\t\t\tSR7.PMH ??={}; SR7.PMH[\"SR7_60_4\"] = {cn:100,state:false,fn: function() { if (_tpt!==undefined && _tpt.prepareModuleHeight !== undefined) {  _tpt.prepareModuleHeight({id:\"SR7_60_4\",el:[867.986,867.986,767,960,720],type:'hero',shdw:'0',gh:[868,868,768,960,720],gw:[1240,1240,1024,778,480],vpt:['-100px&#039;,&#039;-100px&#039;,&#039;-100px&#039;,&#039;-100px&#039;,&#039;-100px'],size:{fullWidth:true, fullHeight:true},fho:'#masthead,0px',mh:'0',onh:0,onw:0,bg:{color:'{\"orig\":\"transparent\",\"type\":\"solid\",\"string\":\"transparent\"}'},plType:'0',plColor:'#FFFFFF'});   SR7.PMH[\"SR7_60_4\"].state=true;} else if(SR7.PMH[\"SR7_60_4\"].cn-->0)\tsetTimeout( SR7.PMH[\"SR7_60_4\"].fn,19);}};SR7.PMH[\"SR7_60_4\" ].fn();\n\t\t\t\t<\/script>\n<\/div>\n\n\n\n<div class=\"wp-block-themepunch-revslider revslider\" data-modal=\"false\" data-slidertitle=\"Basic Video Block 1 11 1 1 1\" style=\"\">\n\t\t\t\t<p class=\"rs-p-wp-fix\"><\/p>\n\t\t\t\t<sr7-module data-alias=\"basic-video-block-1-11-1-1-1\" data-id=\"61\" id=\"SR7_61_5\" class=\"rs-respect-topbar rs-ov-hidden\" data-version=\"6.7.37\">\n\t\t\t\t\t<sr7-adjuster><\/sr7-adjuster>\n\t\t\t\t\t<sr7-content>\n\t\t\t\t\t\t<sr7-slide id=\"SR7_61_5-101\" data-key=\"101\">\n\t\t\t\t\t\t\t<sr7-bg id=\"SR7_61_5-101-6\" class=\"sr7-layer\"><noscript><img decoding=\"async\" src=\"http:\/\/www.climoramexico.com\/wp-content\/uploads\/2025\/09\/instalacion.jpg\" alt=\"\" title=\"instalacion\"><\/noscript><\/sr7-bg>\n\t\t\t\t\t\t\t<sr7-txt id=\"SR7_61_5-101-0\" class=\"sr7-layer\">Nuestro proceso de atenci\u00f3n el\u00e9ctrica<br \/><br \/><\/sr7-txt>\n\t\t\t\t\t\t\t<sr7-txt id=\"SR7_61_5-101-4\" class=\"sr7-layer\">1\ufe0f\u20e3 Recepci\u00f3n inmediata del reporte<br \/>\n2\ufe0f\u20e3 Diagn\u00f3stico t\u00e9cnico de la falla<br \/>\n3\ufe0f\u20e3 Reparaci\u00f3n segura con materiales de calidad<br \/>\n4\ufe0f\u20e3 Verificaci\u00f3n de estabilidad el\u00e9ctrica<br \/>\n5\ufe0f\u20e3 Entrega y garant\u00eda del servicio<\/sr7-txt>\n\t\t\t\t\t\t<\/sr7-slide>\n\t\t\t\t\t\t<sr7-slide id=\"SR7_61_5-119\" data-key=\"119\">\n\t\t\t\t\t\t<\/sr7-slide>\n\t\t\t\t\t<\/sr7-content>\n\t\t\t\t\t<image_lists style=\"display:none\">\n\t\t\t\t\t\t<img loading=\"lazy\" data-src=\"\/\/www.climoramexico.com\/wp-content\/uploads\/2025\/09\/instalacion.jpg\" data-libid=\"217\" data-lib=\"medialibrary\" title=\"instalacion\" width=\"0\" height=\"0\" data-dbsrc=\"Ly93d3cuY2xpbW9yYW1leGljby5jb20vd3AtY29udGVudC91cGxvYWRzLzIwMjUvMDkvaW5zdGFsYWNpb24uanBn\"\/>\n\t\t\t\t\t<\/image_lists>\n\t\t\t\t<\/sr7-module>\n\t\t\t\t<script>\n\t\t\t\t\tSR7.PMH ??={}; SR7.PMH[\"SR7_61_5\"] = {cn:100,state:false,fn: function() { if (_tpt!==undefined && _tpt.prepareModuleHeight !== undefined) {  _tpt.prepareModuleHeight({id:\"SR7_61_5\",el:[900,900,768,960,720],type:'hero',shdw:'0',gh:[900,900,768,960,720],gw:[1240,1240,1024,778,480],vpt:['-200px&#039;,&#039;-200px&#039;,&#039;-200px&#039;,&#039;-200px&#039;,&#039;-200px'],size:{fullWidth:true, fullHeight:true},fho:'.th-bar-spacer,',mh:'0',onh:0,onw:0,bg:{color:'{\"type\":\"solid\",\"orig\":\"#eeeeee\",\"string\":\"rgba(238, 238, 238, 1)\"}'}});   SR7.PMH[\"SR7_61_5\"].state=true;} else if(SR7.PMH[\"SR7_61_5\"].cn-->0)\tsetTimeout( SR7.PMH[\"SR7_61_5\"].fn,19);}};SR7.PMH[\"SR7_61_5\" ].fn();\n\t\t\t\t<\/script>\n<\/div>\n\n\n\n<p><\/p>\n","protected":false},"excerpt":{"rendered":"","protected":false},"author":1,"featured_media":0,"parent":0,"menu_order":0,"comment_status":"closed","ping_status":"closed","template":"..\/public\/views\/revslider-page-template.php","meta":{"footnotes":""},"class_list":["post-88","page","type-page","status-publish","hentry"],"_links":{"self":[{"href":"http:\/\/www.climoramexico.com\/index.php\/wp-json\/wp\/v2\/pages\/88","targetHints":{"allow":["GET"]}}],"collection":[{"href":"http:\/\/www.climoramexico.com\/index.php\/wp-json\/wp\/v2\/pages"}],"about":[{"href":"http:\/\/www.climoramexico.com\/index.php\/wp-json\/wp\/v2\/types\/page"}],"author":[{"embeddable":true,"href":"http:\/\/www.climoramexico.com\/index.php\/wp-json\/wp\/v2\/users\/1"}],"replies":[{"embeddable":true,"href":"http:\/\/www.climoramexico.com\/index.php\/wp-json\/wp\/v2\/comments?post=88"}],"version-history":[{"count":4,"href":"http:\/\/www.climoramexico.com\/index.php\/wp-json\/wp\/v2\/pages\/88\/revisions"}],"predecessor-version":[{"id":223,"href":"http:\/\/www.climoramexico.com\/index.php\/wp-json\/wp\/v2\/pages\/88\/revisions\/223"}],"wp:attachment":[{"href":"http:\/\/www.climoramexico.com\/index.php\/wp-json\/wp\/v2\/media?parent=88"}],"curies":[{"name":"wp","href":"https:\/\/api.w.org\/{rel}","templated":true}]}}