{"id":86,"date":"2025-09-10T02:14:08","date_gmt":"2025-09-10T02:14:08","guid":{"rendered":"http:\/\/www.climoramexico.com\/?page_id=86"},"modified":"2025-09-11T02:46:59","modified_gmt":"2025-09-11T02:46:59","slug":"instalaciones-electricas","status":"publish","type":"page","link":"https:\/\/www.climoramexico.com\/index.php\/instalaciones-electricas\/","title":{"rendered":"Instalaciones el\u00e9ctricas"},"content":{"rendered":"\n<div class=\"wp-block-themepunch-revslider revslider\" data-modal=\"false\" data-slidertitle=\"Renewable Energy Menu 1 1 1 1 1 1\" style=\"\">\n\t\t\t\t<p class=\"rs-p-wp-fix\"><\/p>\n\t\t\t\t<sr7-module data-alias=\"renewable-energy-menu-1-1-1-1-1-1\" data-id=\"54\" id=\"SR7_54_1\" class=\"rs-ov-hidden\" data-version=\"6.7.37\">\n\t\t\t\t\t<sr7-adjuster><\/sr7-adjuster>\n\t\t\t\t\t<sr7-content>\n\t\t\t\t\t\t<sr7-slide id=\"SR7_54_1-94\" data-key=\"94\">\n\t\t\t\t\t\t\t<a id=\"SR7_54_1-94-12\" class=\"sr7-layer\" href=\"http:\/\/www.climoramexico.com\/index.php\/instalaciones-electricas\/\" target=\"_self\">Instalaci\u00f3n<\/a>\n\t\t\t\t\t\t\t<a id=\"SR7_54_1-94-14\" class=\"sr7-layer\" href=\"http:\/\/www.climoramexico.com\/\" target=\"_self\">Inicio<\/a>\n\t\t\t\t\t\t\t<a id=\"SR7_54_1-94-18\" class=\"sr7-layer\" href=\"http:\/\/www.climoramexico.com\/index.php\/reparacion-electrca\/\" target=\"_self\">Reparacion<\/a>\n\t\t\t\t\t\t<\/sr7-slide>\n\t\t\t\t\t\t<sr7-slide id=\"SR7_54_1-112\" data-key=\"112\">\n\t\t\t\t\t\t<\/sr7-slide>\n\t\t\t\t\t<\/sr7-content>\n\t\t\t\t\t<image_lists style=\"display:none\">\n\t\t\t\t\t\t<img data-src=\"\/\/www.climoramexico.com\/wp-content\/uploads\/2025\/09\/Logo-1-2-.png\" data-libid=\"47\" data-lib=\"medialibrary\" title=\"Logo 1-2\" width=\"0\" height=\"0\" data-dbsrc=\"Ly93d3cuY2xpbW9yYW1leGljby5jb20vd3AtY29udGVudC91cGxvYWRzLzIwMjUvMDkvTG9nby0xLTItLnBuZw==\"\/>\n\t\t\t\t\t<\/image_lists>\n\t\t\t\t<\/sr7-module>\n\t\t\t\t<script>\n\t\t\t\t\tSR7.PMH ??={}; SR7.PMH[\"SR7_54_1\"] = {cn:100,state:false,fn: function() { if (_tpt!==undefined && _tpt.prepareModuleHeight !== undefined) {  _tpt.prepareModuleHeight({id:\"SR7_54_1\",el:[900,900,768,960,720],fixed:true,type:'hero',shdw:'0',gh:[900,900,768,960,720],gw:[1240,1240,1024,778,480],vpt:['-100px&#039;,&#039;-100px&#039;,&#039;-100px&#039;,&#039;-100px&#039;,&#039;-100px'],size:{fullWidth:true, fullHeight:true},fho:'',mh:'0',onh:0,onw:0,bg:{color:'{\"orig\":\"transparent\",\"type\":\"solid\",\"string\":\"transparent\"}'}});   SR7.PMH[\"SR7_54_1\"].state=true;} else if(SR7.PMH[\"SR7_54_1\"].cn-->0)\tsetTimeout( SR7.PMH[\"SR7_54_1\"].fn,19);}};SR7.PMH[\"SR7_54_1\" ].fn();\n\t\t\t\t<\/script>\n<\/div>\n\n\n\n<div class=\"wp-block-themepunch-revslider revslider\" data-modal=\"false\" data-slidertitle=\"Basic Header 1 11 1 1\" style=\"\">\n\t\t\t\t<p class=\"rs-p-wp-fix\"><\/p>\n\t\t\t\t<sr7-module data-alias=\"basic-header-1-11-1-1\" data-id=\"55\" id=\"intro\" class=\"rs-respect-topbar rs-ov-hidden\" data-version=\"6.7.37\">\n\t\t\t\t\t<sr7-adjuster><\/sr7-adjuster>\n\t\t\t\t\t<sr7-content>\n\t\t\t\t\t\t<sr7-slide id=\"intro-95\" data-key=\"95\">\n\t\t\t\t\t\t\t<sr7-bg id=\"intro-95-4\" class=\"sr7-layer\"><noscript><img decoding=\"async\" src=\"http:\/\/www.climoramexico.com\/wp-content\/uploads\/2025\/09\/instalacion.jpg\" alt=\"\" title=\"instalacion\"><\/noscript><\/sr7-bg>\n\t\t\t\t\t\t\t<sr7-txt id=\"intro-95-0\" class=\"sr7-layer\">Instalaci\u00f3n Electrica <\/sr7-txt>\n\t\t\t\t\t\t<\/sr7-slide>\n\t\t\t\t\t\t<sr7-slide id=\"intro-113\" data-key=\"113\">\n\t\t\t\t\t\t<\/sr7-slide>\n\t\t\t\t\t<\/sr7-content>\n\t\t\t\t\t<image_lists style=\"display:none\">\n\t\t\t\t\t\t<img data-src=\"\/\/www.climoramexico.com\/wp-content\/uploads\/2025\/09\/instalacion.jpg\" data-libid=\"217\" data-lib=\"medialibrary\" title=\"instalacion\" width=\"0\" height=\"0\" data-dbsrc=\"Ly93d3cuY2xpbW9yYW1leGljby5jb20vd3AtY29udGVudC91cGxvYWRzLzIwMjUvMDkvaW5zdGFsYWNpb24uanBn\"\/>\n\t\t\t\t\t<\/image_lists>\n\t\t\t\t<\/sr7-module>\n\t\t\t\t<script>\n\t\t\t\t\tSR7.PMH ??={}; SR7.PMH[\"intro\"] = {cn:100,state:false,fn: function() { if (_tpt!==undefined && _tpt.prepareModuleHeight !== undefined) {  _tpt.prepareModuleHeight({id:\"intro\",el:[900,900,767,960,720],type:'hero',shdw:'0',gh:[900,900,768,960,720],gw:[1240,1240,1024,778,480],vpt:['-100px&#039;,&#039;-100px&#039;,&#039;-100px&#039;,&#039;-100px&#039;,&#039;-100px'],size:{fullWidth:true, fullHeight:true},fho:'#masthead,',mh:'0',onh:0,onw:0,bg:{color:'{\"orig\":\"transparent\",\"type\":\"solid\",\"string\":\"transparent\"}'},plType:'7',plColor:'#000000'});   SR7.PMH[\"intro\"].state=true;} else if(SR7.PMH[\"intro\"].cn-->0)\tsetTimeout( SR7.PMH[\"intro\"].fn,19);}};SR7.PMH[\"intro\" ].fn();\n\t\t\t\t<\/script>\n<\/div>\n\n\n\n<div class=\"wp-block-themepunch-revslider revslider\" data-modal=\"false\" data-slidertitle=\"Basic Callout 1 11 1 1\" style=\"\">\n\t\t\t\t<p class=\"rs-p-wp-fix\"><\/p>\n\t\t\t\t<sr7-module data-alias=\"basic-callout-1-11-1-1\" data-id=\"57\" id=\"SR7_57_3\" class=\"rs-ov-hidden\" data-version=\"6.7.37\">\n\t\t\t\t\t<sr7-adjuster><\/sr7-adjuster>\n\t\t\t\t\t<sr7-content>\n\t\t\t\t\t\t<sr7-slide id=\"SR7_57_3-97\" data-key=\"97\">\n\t\t\t\t\t\t\t<sr7-txt id=\"SR7_57_3-97-4\" class=\"sr7-layer\">Instalaciones el\u00e9ctricas profesionales<\/sr7-txt>\n\t\t\t\t\t\t\t<sr7-txt id=\"SR7_57_3-97-5\" class=\"sr7-layer\">En Climora ofrecemos instalaciones el\u00e9ctricas seguras y certificadas para residencias, negocios y corporativos. Realizamos desde cableado estructurado hasta sistemas inteligentes, siempre con materiales de primera calidad y cumpliendo con las normas NOM para garantizar seguridad y eficiencia.<\/sr7-txt>\n\t\t\t\t\t\t<\/sr7-slide>\n\t\t\t\t\t\t<sr7-slide id=\"SR7_57_3-115\" data-key=\"115\">\n\t\t\t\t\t\t<\/sr7-slide>\n\t\t\t\t\t<\/sr7-content>\n\t\t\t\t<\/sr7-module>\n\t\t\t\t<script>\n\t\t\t\t\tSR7.PMH ??={}; SR7.PMH[\"SR7_57_3\"] = {cn:100,state:false,fn: function() { if (_tpt!==undefined && _tpt.prepareModuleHeight !== undefined) {  _tpt.prepareModuleHeight({id:\"SR7_57_3\",el:[651.997,651.997,652,520,584],type:'hero',shdw:'0',gh:[560,560,590,520,515],gw:[1240,1240,1024,778,480],vpt:['-200px&#039;,&#039;-200px&#039;,&#039;-200px&#039;,&#039;-200px&#039;,&#039;-200px'],size:{fullWidth:true, fullHeight:false},mh:'0',onh:0,onw:0,bg:{color:'{\"type\":\"solid\",\"orig\":\"#ff686d\",\"string\":\"rgba(255, 104, 109, 1)\"}'}});   SR7.PMH[\"SR7_57_3\"].state=true;} else if(SR7.PMH[\"SR7_57_3\"].cn-->0)\tsetTimeout( SR7.PMH[\"SR7_57_3\"].fn,19);}};SR7.PMH[\"SR7_57_3\" ].fn();\n\t\t\t\t<\/script>\n<\/div>\n\n\n\n<div class=\"wp-block-themepunch-revslider revslider\" data-modal=\"false\" style=\"\"><\/div>\n\n\n\n<div class=\"wp-block-themepunch-revslider revslider\" data-modal=\"false\" data-slidertitle=\"Basic Video Block 1 11 1 1\" style=\"\">\n\t\t\t\t<p class=\"rs-p-wp-fix\"><\/p>\n\t\t\t\t<sr7-module data-alias=\"basic-video-block-1-11-1-1\" data-id=\"58\" id=\"SR7_58_4\" class=\"rs-respect-topbar rs-ov-hidden\" data-version=\"6.7.37\">\n\t\t\t\t\t<sr7-adjuster><\/sr7-adjuster>\n\t\t\t\t\t<sr7-content>\n\t\t\t\t\t\t<sr7-slide id=\"SR7_58_4-98\" data-key=\"98\">\n\t\t\t\t\t\t\t<sr7-bg id=\"SR7_58_4-98-6\" class=\"sr7-layer\"><noscript><img decoding=\"async\" src=\"http:\/\/www.climoramexico.com\/wp-content\/uploads\/2025\/09\/insta-2.jpg\" alt=\"\" title=\"insta 2\"><\/noscript><\/sr7-bg>\n\t\t\t\t\t\t\t<sr7-txt id=\"SR7_58_4-98-0\" class=\"sr7-layer\">Nuestro proceso de instalaci\u00f3n el\u00e9ctrica<br \/><br \/><\/sr7-txt>\n\t\t\t\t\t\t\t<sr7-txt id=\"SR7_58_4-98-4\" class=\"sr7-layer\">1\ufe0f\u20e3 Planeaci\u00f3n y dise\u00f1o del proyecto<br \/>\n2\ufe0f\u20e3 Selecci\u00f3n de materiales certificados<br \/>\n3\ufe0f\u20e3 Ejecuci\u00f3n de la instalaci\u00f3n el\u00e9ctrica<br \/>\n4\ufe0f\u20e3 Pruebas de seguridad y rendimiento<br \/>\n5\ufe0f\u20e3 Certificaci\u00f3n y entrega del proyecto<\/sr7-txt>\n\t\t\t\t\t\t<\/sr7-slide>\n\t\t\t\t\t\t<sr7-slide id=\"SR7_58_4-116\" data-key=\"116\">\n\t\t\t\t\t\t<\/sr7-slide>\n\t\t\t\t\t<\/sr7-content>\n\t\t\t\t\t<image_lists style=\"display:none\">\n\t\t\t\t\t\t<img data-src=\"\/\/www.climoramexico.com\/wp-content\/uploads\/2025\/09\/insta-2.jpg\" data-libid=\"218\" data-lib=\"medialibrary\" title=\"insta 2\" width=\"0\" height=\"0\" data-dbsrc=\"Ly93d3cuY2xpbW9yYW1leGljby5jb20vd3AtY29udGVudC91cGxvYWRzLzIwMjUvMDkvaW5zdGEtMi5qcGc=\"\/>\n\t\t\t\t\t<\/image_lists>\n\t\t\t\t<\/sr7-module>\n\t\t\t\t<script>\n\t\t\t\t\tSR7.PMH ??={}; SR7.PMH[\"SR7_58_4\"] = {cn:100,state:false,fn: function() { if (_tpt!==undefined && _tpt.prepareModuleHeight !== undefined) {  _tpt.prepareModuleHeight({id:\"SR7_58_4\",el:[900,900,768,960,720],type:'hero',shdw:'0',gh:[900,900,768,960,720],gw:[1240,1240,1024,778,480],vpt:['-200px&#039;,&#039;-200px&#039;,&#039;-200px&#039;,&#039;-200px&#039;,&#039;-200px'],size:{fullWidth:true, fullHeight:true},fho:'.th-bar-spacer,',mh:'0',onh:0,onw:0,bg:{color:'{\"type\":\"solid\",\"orig\":\"#eeeeee\",\"string\":\"rgba(238, 238, 238, 1)\"}'}});   SR7.PMH[\"SR7_58_4\"].state=true;} else if(SR7.PMH[\"SR7_58_4\"].cn-->0)\tsetTimeout( SR7.PMH[\"SR7_58_4\"].fn,19);}};SR7.PMH[\"SR7_58_4\" ].fn();\n\t\t\t\t<\/script>\n<\/div>\n","protected":false},"excerpt":{"rendered":"","protected":false},"author":1,"featured_media":0,"parent":0,"menu_order":0,"comment_status":"closed","ping_status":"closed","template":"..\/public\/views\/revslider-page-template.php","meta":{"footnotes":""},"class_list":["post-86","page","type-page","status-publish","hentry"],"_links":{"self":[{"href":"https:\/\/www.climoramexico.com\/index.php\/wp-json\/wp\/v2\/pages\/86","targetHints":{"allow":["GET"]}}],"collection":[{"href":"https:\/\/www.climoramexico.com\/index.php\/wp-json\/wp\/v2\/pages"}],"about":[{"href":"https:\/\/www.climoramexico.com\/index.php\/wp-json\/wp\/v2\/types\/page"}],"author":[{"embeddable":true,"href":"https:\/\/www.climoramexico.com\/index.php\/wp-json\/wp\/v2\/users\/1"}],"replies":[{"embeddable":true,"href":"https:\/\/www.climoramexico.com\/index.php\/wp-json\/wp\/v2\/comments?post=86"}],"version-history":[{"count":3,"href":"https:\/\/www.climoramexico.com\/index.php\/wp-json\/wp\/v2\/pages\/86\/revisions"}],"predecessor-version":[{"id":219,"href":"https:\/\/www.climoramexico.com\/index.php\/wp-json\/wp\/v2\/pages\/86\/revisions\/219"}],"wp:attachment":[{"href":"https:\/\/www.climoramexico.com\/index.php\/wp-json\/wp\/v2\/media?parent=86"}],"curies":[{"name":"wp","href":"https:\/\/api.w.org\/{rel}","templated":true}]}}